{"id":2412,"date":"2023-02-28T15:36:08","date_gmt":"2023-02-28T15:36:08","guid":{"rendered":"https:\/\/museomontresor.it\/faq\/"},"modified":"2025-01-07T13:49:40","modified_gmt":"2025-01-07T13:49:40","slug":"faq","status":"publish","type":"page","link":"https:\/\/museomontresor.it\/de\/faq\/","title":{"rendered":"Faq &#8211; DEU"},"content":{"rendered":"\t\t<div data-elementor-type=\"wp-page\" data-elementor-id=\"2412\" class=\"elementor elementor-2412\">\n\t\t\t\t\t\t\t\t\t<section class=\"elementor-section elementor-top-section elementor-element elementor-element-51c285f elementor-section-stretched elementor-section-boxed elementor-section-height-default elementor-section-height-default\" data-id=\"51c285f\" data-element_type=\"section\" data-settings=\"{&quot;stretch_section&quot;:&quot;section-stretched&quot;}\">\n\t\t\t\t\t\t<div class=\"elementor-container elementor-column-gap-default\">\n\t\t\t\t\t<div class=\"elementor-column elementor-col-100 elementor-top-column elementor-element elementor-element-a2d7857\" data-id=\"a2d7857\" data-element_type=\"column\">\n\t\t\t<div class=\"elementor-widget-wrap elementor-element-populated\">\n\t\t\t\t\t\t\t\t<div class=\"elementor-element elementor-element-5e08426 elementor-invisible elementor-widget elementor-widget-heading\" data-id=\"5e08426\" data-element_type=\"widget\" data-settings=\"{&quot;_animation&quot;:&quot;fadeIn&quot;}\" data-widget_type=\"heading.default\">\n\t\t\t\t<div class=\"elementor-widget-container\">\n\t\t\t<style>\/*! elementor - v3.17.0 - 01-11-2023 *\/\n.elementor-heading-title{padding:0;margin:0;line-height:1}.elementor-widget-heading .elementor-heading-title[class*=elementor-size-]>a{color:inherit;font-size:inherit;line-height:inherit}.elementor-widget-heading .elementor-heading-title.elementor-size-small{font-size:15px}.elementor-widget-heading .elementor-heading-title.elementor-size-medium{font-size:19px}.elementor-widget-heading .elementor-heading-title.elementor-size-large{font-size:29px}.elementor-widget-heading .elementor-heading-title.elementor-size-xl{font-size:39px}.elementor-widget-heading .elementor-heading-title.elementor-size-xxl{font-size:59px}<\/style><h2 class=\"elementor-heading-title elementor-size-default\">FAQ<\/h2>\t\t<\/div>\n\t\t\t\t<\/div>\n\t\t\t\t\t<\/div>\n\t\t<\/div>\n\t\t\t\t\t\t\t<\/div>\n\t\t<\/section>\n\t\t\t\t<section class=\"elementor-section elementor-top-section elementor-element elementor-element-d5e097f elementor-section-full_width elementor-section-stretched elementor-section-height-default elementor-section-height-default\" data-id=\"d5e097f\" data-element_type=\"section\" data-settings=\"{&quot;stretch_section&quot;:&quot;section-stretched&quot;}\">\n\t\t\t\t\t\t<div class=\"elementor-container elementor-column-gap-default\">\n\t\t\t\t\t<div class=\"elementor-column elementor-col-100 elementor-top-column elementor-element elementor-element-aa871fe\" data-id=\"aa871fe\" data-element_type=\"column\">\n\t\t\t<div class=\"elementor-widget-wrap elementor-element-populated\">\n\t\t\t\t\t\t\t\t<div class=\"elementor-element elementor-element-95bf0c7 elementor-hidden-mobile elementor-widget elementor-widget-image\" data-id=\"95bf0c7\" data-element_type=\"widget\" data-widget_type=\"image.default\">\n\t\t\t\t<div class=\"elementor-widget-container\">\n\t\t\t<style>\/*! elementor - v3.17.0 - 01-11-2023 *\/\n.elementor-widget-image{text-align:center}.elementor-widget-image a{display:inline-block}.elementor-widget-image a img[src$=\".svg\"]{width:48px}.elementor-widget-image img{vertical-align:middle;display:inline-block}<\/style>\t\t\t\t\t\t\t\t\t\t\t\t<img loading=\"lazy\" decoding=\"async\" width=\"1780\" height=\"916\" src=\"https:\/\/museomontresor.it\/wp-content\/uploads\/2023\/02\/museo-montresor-sala-valpolicella-la-storia.jpg\" class=\"attachment-full size-full wp-image-1521\" alt=\"sala storia del museo montresor a verona\" srcset=\"https:\/\/museomontresor.it\/wp-content\/uploads\/2023\/02\/museo-montresor-sala-valpolicella-la-storia.jpg 1780w, https:\/\/museomontresor.it\/wp-content\/uploads\/2023\/02\/museo-montresor-sala-valpolicella-la-storia-300x154.jpg 300w, https:\/\/museomontresor.it\/wp-content\/uploads\/2023\/02\/museo-montresor-sala-valpolicella-la-storia-1024x527.jpg 1024w, https:\/\/museomontresor.it\/wp-content\/uploads\/2023\/02\/museo-montresor-sala-valpolicella-la-storia-768x395.jpg 768w, https:\/\/museomontresor.it\/wp-content\/uploads\/2023\/02\/museo-montresor-sala-valpolicella-la-storia-1536x790.jpg 1536w, https:\/\/museomontresor.it\/wp-content\/uploads\/2023\/02\/museo-montresor-sala-valpolicella-la-storia-260x134.jpg 260w, https:\/\/museomontresor.it\/wp-content\/uploads\/2023\/02\/museo-montresor-sala-valpolicella-la-storia-50x26.jpg 50w, https:\/\/museomontresor.it\/wp-content\/uploads\/2023\/02\/museo-montresor-sala-valpolicella-la-storia-146x75.jpg 146w\" sizes=\"auto, (max-width: 1780px) 100vw, 1780px\" \/>\t\t\t\t\t\t\t\t\t\t\t\t\t\t\t<\/div>\n\t\t\t\t<\/div>\n\t\t\t\t<div class=\"elementor-element elementor-element-76341f0 elementor-hidden-desktop elementor-hidden-tablet elementor-widget elementor-widget-image\" data-id=\"76341f0\" data-element_type=\"widget\" data-widget_type=\"image.default\">\n\t\t\t\t<div class=\"elementor-widget-container\">\n\t\t\t\t\t\t\t\t\t\t\t\t\t\t\t<img loading=\"lazy\" decoding=\"async\" width=\"354\" height=\"588\" src=\"https:\/\/museomontresor.it\/wp-content\/uploads\/2023\/02\/mobile-pagina-faq.jpg\" class=\"attachment-full size-full wp-image-1524\" alt=\"sala storia del museo montresor\" srcset=\"https:\/\/museomontresor.it\/wp-content\/uploads\/2023\/02\/mobile-pagina-faq.jpg 354w, https:\/\/museomontresor.it\/wp-content\/uploads\/2023\/02\/mobile-pagina-faq-181x300.jpg 181w, https:\/\/museomontresor.it\/wp-content\/uploads\/2023\/02\/mobile-pagina-faq-88x146.jpg 88w, https:\/\/museomontresor.it\/wp-content\/uploads\/2023\/02\/mobile-pagina-faq-30x50.jpg 30w, https:\/\/museomontresor.it\/wp-content\/uploads\/2023\/02\/mobile-pagina-faq-45x75.jpg 45w\" sizes=\"auto, (max-width: 354px) 100vw, 354px\" \/>\t\t\t\t\t\t\t\t\t\t\t\t\t\t\t<\/div>\n\t\t\t\t<\/div>\n\t\t\t\t\t<\/div>\n\t\t<\/div>\n\t\t\t\t\t\t\t<\/div>\n\t\t<\/section>\n\t\t\t\t<section class=\"elementor-section elementor-top-section elementor-element elementor-element-1633bd8 elementor-section-stretched elementor-section-boxed elementor-section-height-default elementor-section-height-default\" data-id=\"1633bd8\" data-element_type=\"section\" data-settings=\"{&quot;stretch_section&quot;:&quot;section-stretched&quot;}\">\n\t\t\t\t\t\t<div class=\"elementor-container elementor-column-gap-default\">\n\t\t\t\t\t<div class=\"elementor-column elementor-col-100 elementor-top-column elementor-element elementor-element-6ba55ac\" data-id=\"6ba55ac\" data-element_type=\"column\">\n\t\t\t<div class=\"elementor-widget-wrap elementor-element-populated\">\n\t\t\t\t\t\t\t\t<div class=\"elementor-element elementor-element-b54c07d elementor-widget elementor-widget-mfn_accordion\" data-id=\"b54c07d\" data-element_type=\"widget\" data-widget_type=\"mfn_accordion.default\">\n\t\t\t\t<div class=\"elementor-widget-container\">\n\t\t\t<div class=\"accordion\"><div class=\"mfn-acc accordion_wrapper \"><div class=\"question\" tabindex=\"0\" role=\"link\"><div class=\"title\"><i class=\"icon-plus acc-icon-plus\" aria-hidden=\"true\"><\/i><i class=\"icon-minus acc-icon-minus\" aria-hidden=\"true\"><\/i>Wie komme ich zum Montresor Weinmuseum?<\/div><div class=\"answer\"><p>Das Museum liegt 3 km von der Piazza Bra entfernt, am Tor zum Valpolicella.<\/p><p>Es ist leicht mit dem Bus vom Bahnhof Porta Nuova mit den Linien 21 und 93 zu erreichen.<\/p><p>Es gibt ausreichend Parkpl\u00e4tze sowohl f\u00fcr Reisebusse als auch f\u00fcr Privaten..<\/p><p><a href=\"https:\/\/goo.gl\/maps\/pVXugDSmJ5KPJYkV9\">So erreichen Sie uns<\/a><\/p><\/div><\/div>\n<div class=\"question\" tabindex=\"0\" role=\"link\"><div class=\"title\"><i class=\"icon-plus acc-icon-plus\" aria-hidden=\"true\"><\/i><i class=\"icon-minus acc-icon-minus\" aria-hidden=\"true\"><\/i>Muss ich mich anmelden, um das Museum zu besuchen?<\/div><div class=\"answer\"><p>F\u00fcr den kostenlosen Besuch ist keine Anmeldung erforderlich, aber f\u00fcr die F\u00fchrung muss man sich anmelden.<\/p><p>Eine Anmeldung ist von Gruppen ab einer Gr\u00f6\u00dfe von mehr als 10 Personen sowohl f\u00fcr die kostenlose als<br \/>auch f\u00fcr die gef\u00fchrte Besichtigung erforderlich. Senden Sie dazu eine E-Mail an <a href=\"mailto:hospitality@vinimontresor.it\">hospitality@vinimontresor.it<\/a>\u00a0oder rufen Sie an unter <a href=\"tel:+393408355244\">340 8355244<\/a>.<\/p><p><a href=\"https:\/\/museomontresor.it\/de\/info-e-prenotazioni\/\"><span class=\"elementor-button-content-wrapper\"><span class=\"elementor-button-text\">Buchen Sie Ihren Besuch<\/span><\/span><\/a><\/p><\/div><\/div>\n<div class=\"question\" tabindex=\"0\" role=\"link\"><div class=\"title\"><i class=\"icon-plus acc-icon-plus\" aria-hidden=\"true\"><\/i><i class=\"icon-minus acc-icon-minus\" aria-hidden=\"true\"><\/i>Wie hoch ist der Eintrittspreis?<\/div><div class=\"answer\"><p>Der Eintritt zum Museum ist frei. F\u00fcr die Verkostungen auf den beiden vorgeschlagenen Weinpfaden fallen zus\u00e4tzliche Kosten an.<\/p><p><a href=\"https:\/\/www.vinimontresor.com\/de\/degustazioni-montresor\/\">Entdecken Sie die Verkostungen<\/a><\/p><\/div><\/div>\n<div class=\"question\" tabindex=\"0\" role=\"link\"><div class=\"title\"><i class=\"icon-plus acc-icon-plus\" aria-hidden=\"true\"><\/i><i class=\"icon-minus acc-icon-minus\" aria-hidden=\"true\"><\/i>Wie lange dauert der Museumsbesuch?<\/div><div class=\"answer\"><p>Wir empfehlen circa eine Stunde f\u00fcr den Rundgang einzuplanen.<\/p><\/div><\/div>\n<div class=\"question\" tabindex=\"0\" role=\"link\"><div class=\"title\"><i class=\"icon-plus acc-icon-plus\" aria-hidden=\"true\"><\/i><i class=\"icon-minus acc-icon-minus\" aria-hidden=\"true\"><\/i>Ist das Museum auch am Wochenende ge\u00f6ffnet?<\/div><div class=\"answer\"><p>Ja, das Museum ist f\u00fcr die \u00d6ffentlichkeit von Montag bis Samstag von 10:00 bis 18:00 Uhr und am Sonntag von 10:00 bis 17:00 Uhr ge\u00f6ffnet.<\/p><\/div><\/div>\n<div class=\"question\" tabindex=\"0\" role=\"link\"><div class=\"title\"><i class=\"icon-plus acc-icon-plus\" aria-hidden=\"true\"><\/i><i class=\"icon-minus acc-icon-minus\" aria-hidden=\"true\"><\/i>Bietet das Museum F\u00fchrungen an?<\/div><div class=\"answer\"><p>Ja, Sie k\u00f6nnen eine gef\u00fchrte Besichtigung mit Verkostung buchen. Das Erlebnis besteht aus einer F\u00fchrung<br \/>durch das Museum, durch die Abf\u00fcllanlage und den Reifekeller sowie einer Verkostung von 5 Weinen Ihrer<br \/>Wahl.<\/p><p><a href=\"https:\/\/www.vinimontresor.com\/de\/degustazioni-montresor\/\">Entdecken Sie die Verkostungen<\/a><\/p><\/div><\/div>\n<div class=\"question\" tabindex=\"0\" role=\"link\"><div class=\"title\"><i class=\"icon-plus acc-icon-plus\" aria-hidden=\"true\"><\/i><i class=\"icon-minus acc-icon-minus\" aria-hidden=\"true\"><\/i>Gibt es einen Laden?<\/div><div class=\"answer\"><p>Ja, wir haben gerade eine komplett renovierte Vinothek er\u00f6ffnet. Dort finden Sie alle Etiketten der<br \/>verschiedenen Montresor-Jahrg\u00e4nge und haben Sie die M\u00f6glichkeit, die Weine zu verkosten.<\/p><p><a href=\"https:\/\/museomontresor.it\/de\/wineshop\/\">Entdecken Sie den Weinshop<\/a><\/p><\/div><\/div>\n<div class=\"question\" tabindex=\"0\" role=\"link\"><div class=\"title\"><i class=\"icon-plus acc-icon-plus\" aria-hidden=\"true\"><\/i><i class=\"icon-minus acc-icon-minus\" aria-hidden=\"true\"><\/i>Darf ich im Museum Foto- und Videoaufnahmen machen?<\/div><div class=\"answer\"><p>Das Fotografieren ohne Blitz und ohne Stativ ist nur f\u00fcr pers\u00f6nliche Zwecke in unserem Museum erlaubt. Eine berufliche Nutzung bedarf eine schriftliche Genehmigung.<\/p><\/div><\/div>\n<\/div><\/div>\n\t\t<\/div>\n\t\t\t\t<\/div>\n\t\t\t\t\t<\/div>\n\t\t<\/div>\n\t\t\t\t\t\t\t<\/div>\n\t\t<\/section>\n\t\t\t\t<section class=\"elementor-section elementor-top-section elementor-element elementor-element-0493b38 elementor-section-boxed elementor-section-height-default elementor-section-height-default\" data-id=\"0493b38\" data-element_type=\"section\">\n\t\t\t\t\t\t<div class=\"elementor-container elementor-column-gap-default\">\n\t\t\t\t\t<div class=\"elementor-column elementor-col-100 elementor-top-column elementor-element elementor-element-f186e8d\" data-id=\"f186e8d\" data-element_type=\"column\">\n\t\t\t<div class=\"elementor-widget-wrap elementor-element-populated\">\n\t\t\t\t\t\t\t\t<div class=\"elementor-element elementor-element-e988376 elementor-widget elementor-widget-html\" data-id=\"e988376\" data-element_type=\"widget\" data-widget_type=\"html.default\">\n\t\t\t\t<div class=\"elementor-widget-container\">\n\t\t\t<style>\n.question .title {\n  text-transform: uppercase; \n  font-size: 0.8em!important;\n  min-height: 70px;\n}\n.answer p {\n    font-size: 0.9em!important;\n    line-height: 1.2em;\n}\n.question:before { top: 15px;}\n.question.active .title {\n  border-bottom: 1px solid #ffffff0f!important;\n}\n.question.active {\n    border-bottom: 1px solid #ffffff45!important;\n}\n<\/style>\t\t<\/div>\n\t\t\t\t<\/div>\n\t\t\t\t\t<\/div>\n\t\t<\/div>\n\t\t\t\t\t\t\t<\/div>\n\t\t<\/section>\n\t\t\t\t\t\t\t<\/div>\n\t\t","protected":false},"excerpt":{"rendered":"<p>FAQ Wie komme ich zum Montresor Weinmuseum? Das Museum liegt 3 km von der Piazza Bra entfernt, am Tor zum Valpolicella. Es ist leicht mit dem<span class=\"excerpt-hellip\"> [\u2026]<\/span><\/p>\n","protected":false},"author":1,"featured_media":0,"parent":0,"menu_order":0,"comment_status":"closed","ping_status":"closed","template":"","meta":{"footnotes":""},"class_list":["post-2412","page","type-page","status-publish","hentry"],"yoast_head":"<!-- This site is optimized with the Yoast SEO plugin v27.5 - https:\/\/yoast.com\/product\/yoast-seo-wordpress\/ -->\n<title>Le nostre Faq - Museo del Vino Montresor<\/title>\n<meta name=\"description\" content=\"Consulta le nostre Faq per conoscere informazioni utili per raggiungere il Museo, effettuare la visita o partecipare ad eventi.\" \/>\n<meta name=\"robots\" content=\"index, follow, max-snippet:-1, max-image-preview:large, max-video-preview:-1\" \/>\n<link rel=\"canonical\" href=\"https:\/\/museomontresor.it\/faq\/\" \/>\n<meta property=\"og:locale\" content=\"de_DE\" \/>\n<meta property=\"og:type\" content=\"article\" \/>\n<meta property=\"og:title\" content=\"Le nostre Faq - Museo del Vino Montresor\" \/>\n<meta property=\"og:description\" content=\"Consulta le nostre Faq per conoscere informazioni utili per raggiungere il Museo, effettuare la visita o partecipare ad eventi.\" \/>\n<meta property=\"og:url\" content=\"https:\/\/museomontresor.it\/faq\/\" \/>\n<meta property=\"og:site_name\" content=\"Museo del vino Montresor\" \/>\n<meta property=\"article:publisher\" content=\"https:\/\/www.facebook.com\/montresor1892\" \/>\n<meta property=\"article:modified_time\" content=\"2025-01-07T13:49:40+00:00\" \/>\n<meta property=\"og:image\" content=\"https:\/\/museomontresor.it\/wp-content\/uploads\/2023\/02\/museo-montresor-sala-valpolicella-la-storia.jpg\" \/>\n\t<meta property=\"og:image:width\" content=\"1780\" \/>\n\t<meta property=\"og:image:height\" content=\"916\" \/>\n\t<meta property=\"og:image:type\" content=\"image\/jpeg\" \/>\n<meta name=\"twitter:card\" content=\"summary_large_image\" \/>\n<script type=\"application\/ld+json\" class=\"yoast-schema-graph\">{\"@context\":\"https:\\\/\\\/schema.org\",\"@graph\":[{\"@type\":\"WebPage\",\"@id\":\"https:\\\/\\\/museomontresor.it\\\/faq\\\/\",\"url\":\"https:\\\/\\\/museomontresor.it\\\/faq\\\/\",\"name\":\"Le nostre Faq - Museo del Vino Montresor\",\"isPartOf\":{\"@id\":\"https:\\\/\\\/museomontresor.it\\\/#website\"},\"primaryImageOfPage\":{\"@id\":\"https:\\\/\\\/museomontresor.it\\\/faq\\\/#primaryimage\"},\"image\":{\"@id\":\"https:\\\/\\\/museomontresor.it\\\/faq\\\/#primaryimage\"},\"thumbnailUrl\":\"https:\\\/\\\/museomontresor.it\\\/wp-content\\\/uploads\\\/2023\\\/02\\\/museo-montresor-sala-valpolicella-la-storia.jpg\",\"datePublished\":\"2023-02-28T15:36:08+00:00\",\"dateModified\":\"2025-01-07T13:49:40+00:00\",\"description\":\"Consulta le nostre Faq per conoscere informazioni utili per raggiungere il Museo, effettuare la visita o partecipare ad eventi.\",\"breadcrumb\":{\"@id\":\"https:\\\/\\\/museomontresor.it\\\/faq\\\/#breadcrumb\"},\"inLanguage\":\"de\",\"potentialAction\":[{\"@type\":\"ReadAction\",\"target\":[\"https:\\\/\\\/museomontresor.it\\\/faq\\\/\"]}]},{\"@type\":\"ImageObject\",\"inLanguage\":\"de\",\"@id\":\"https:\\\/\\\/museomontresor.it\\\/faq\\\/#primaryimage\",\"url\":\"https:\\\/\\\/museomontresor.it\\\/wp-content\\\/uploads\\\/2023\\\/02\\\/museo-montresor-sala-valpolicella-la-storia.jpg\",\"contentUrl\":\"https:\\\/\\\/museomontresor.it\\\/wp-content\\\/uploads\\\/2023\\\/02\\\/museo-montresor-sala-valpolicella-la-storia.jpg\"},{\"@type\":\"BreadcrumbList\",\"@id\":\"https:\\\/\\\/museomontresor.it\\\/faq\\\/#breadcrumb\",\"itemListElement\":[{\"@type\":\"ListItem\",\"position\":1,\"name\":\"Home\",\"item\":\"https:\\\/\\\/museomontresor.it\\\/\"},{\"@type\":\"ListItem\",\"position\":2,\"name\":\"Faq &#8211; DEU\"}]},{\"@type\":\"WebSite\",\"@id\":\"https:\\\/\\\/museomontresor.it\\\/#website\",\"url\":\"https:\\\/\\\/museomontresor.it\\\/\",\"name\":\"Museo del vino Montresor\",\"description\":\"Museo del vino a Verona\",\"potentialAction\":[{\"@type\":\"SearchAction\",\"target\":{\"@type\":\"EntryPoint\",\"urlTemplate\":\"https:\\\/\\\/museomontresor.it\\\/?s={search_term_string}\"},\"query-input\":{\"@type\":\"PropertyValueSpecification\",\"valueRequired\":true,\"valueName\":\"search_term_string\"}}],\"inLanguage\":\"de\"}]}<\/script>\n<!-- \/ Yoast SEO plugin. -->","yoast_head_json":{"title":"Le nostre Faq - Museo del Vino Montresor","description":"Consulta le nostre Faq per conoscere informazioni utili per raggiungere il Museo, effettuare la visita o partecipare ad eventi.","robots":{"index":"index","follow":"follow","max-snippet":"max-snippet:-1","max-image-preview":"max-image-preview:large","max-video-preview":"max-video-preview:-1"},"canonical":"https:\/\/museomontresor.it\/faq\/","og_locale":"de_DE","og_type":"article","og_title":"Le nostre Faq - Museo del Vino Montresor","og_description":"Consulta le nostre Faq per conoscere informazioni utili per raggiungere il Museo, effettuare la visita o partecipare ad eventi.","og_url":"https:\/\/museomontresor.it\/faq\/","og_site_name":"Museo del vino Montresor","article_publisher":"https:\/\/www.facebook.com\/montresor1892","article_modified_time":"2025-01-07T13:49:40+00:00","og_image":[{"width":1780,"height":916,"url":"https:\/\/museomontresor.it\/wp-content\/uploads\/2023\/02\/museo-montresor-sala-valpolicella-la-storia.jpg","type":"image\/jpeg"}],"twitter_card":"summary_large_image","schema":{"@context":"https:\/\/schema.org","@graph":[{"@type":"WebPage","@id":"https:\/\/museomontresor.it\/faq\/","url":"https:\/\/museomontresor.it\/faq\/","name":"Le nostre Faq - Museo del Vino Montresor","isPartOf":{"@id":"https:\/\/museomontresor.it\/#website"},"primaryImageOfPage":{"@id":"https:\/\/museomontresor.it\/faq\/#primaryimage"},"image":{"@id":"https:\/\/museomontresor.it\/faq\/#primaryimage"},"thumbnailUrl":"https:\/\/museomontresor.it\/wp-content\/uploads\/2023\/02\/museo-montresor-sala-valpolicella-la-storia.jpg","datePublished":"2023-02-28T15:36:08+00:00","dateModified":"2025-01-07T13:49:40+00:00","description":"Consulta le nostre Faq per conoscere informazioni utili per raggiungere il Museo, effettuare la visita o partecipare ad eventi.","breadcrumb":{"@id":"https:\/\/museomontresor.it\/faq\/#breadcrumb"},"inLanguage":"de","potentialAction":[{"@type":"ReadAction","target":["https:\/\/museomontresor.it\/faq\/"]}]},{"@type":"ImageObject","inLanguage":"de","@id":"https:\/\/museomontresor.it\/faq\/#primaryimage","url":"https:\/\/museomontresor.it\/wp-content\/uploads\/2023\/02\/museo-montresor-sala-valpolicella-la-storia.jpg","contentUrl":"https:\/\/museomontresor.it\/wp-content\/uploads\/2023\/02\/museo-montresor-sala-valpolicella-la-storia.jpg"},{"@type":"BreadcrumbList","@id":"https:\/\/museomontresor.it\/faq\/#breadcrumb","itemListElement":[{"@type":"ListItem","position":1,"name":"Home","item":"https:\/\/museomontresor.it\/"},{"@type":"ListItem","position":2,"name":"Faq &#8211; DEU"}]},{"@type":"WebSite","@id":"https:\/\/museomontresor.it\/#website","url":"https:\/\/museomontresor.it\/","name":"Museo del vino Montresor","description":"Museo del vino a Verona","potentialAction":[{"@type":"SearchAction","target":{"@type":"EntryPoint","urlTemplate":"https:\/\/museomontresor.it\/?s={search_term_string}"},"query-input":{"@type":"PropertyValueSpecification","valueRequired":true,"valueName":"search_term_string"}}],"inLanguage":"de"}]}},"_links":{"self":[{"href":"https:\/\/museomontresor.it\/de\/wp-json\/wp\/v2\/pages\/2412","targetHints":{"allow":["GET"]}}],"collection":[{"href":"https:\/\/museomontresor.it\/de\/wp-json\/wp\/v2\/pages"}],"about":[{"href":"https:\/\/museomontresor.it\/de\/wp-json\/wp\/v2\/types\/page"}],"author":[{"embeddable":true,"href":"https:\/\/museomontresor.it\/de\/wp-json\/wp\/v2\/users\/1"}],"replies":[{"embeddable":true,"href":"https:\/\/museomontresor.it\/de\/wp-json\/wp\/v2\/comments?post=2412"}],"version-history":[{"count":8,"href":"https:\/\/museomontresor.it\/de\/wp-json\/wp\/v2\/pages\/2412\/revisions"}],"predecessor-version":[{"id":4174,"href":"https:\/\/museomontresor.it\/de\/wp-json\/wp\/v2\/pages\/2412\/revisions\/4174"}],"wp:attachment":[{"href":"https:\/\/museomontresor.it\/de\/wp-json\/wp\/v2\/media?parent=2412"}],"curies":[{"name":"wp","href":"https:\/\/api.w.org\/{rel}","templated":true}]}}